{"id":5431,"date":"2025-09-08T04:46:51","date_gmt":"2025-09-08T10:46:51","guid":{"rendered":"https:\/\/zamma.com.mx\/roma\/?page_id=5431"},"modified":"2025-09-14T15:14:32","modified_gmt":"2025-09-14T21:14:32","slug":"reservaciones","status":"publish","type":"page","link":"https:\/\/zamma.com.mx\/roma\/reservaciones\/","title":{"rendered":"Reservaciones"},"content":{"rendered":"\t\t<div data-elementor-type=\"wp-page\" data-elementor-id=\"5431\" class=\"elementor elementor-5431\">\n\t\t\t\t<div class=\"elementor-element elementor-element-3b71fd78 e-con-full e-flex e-con e-parent\" data-id=\"3b71fd78\" data-element_type=\"container\" id=\"masajes\" data-settings=\"{&quot;background_background&quot;:&quot;classic&quot;}\">\n\t\t\t\t<div class=\"elementor-element elementor-element-35269483 elementor-widget elementor-widget-heading\" data-id=\"35269483\" data-element_type=\"widget\" data-widget_type=\"heading.default\">\n\t\t\t\t<div class=\"elementor-widget-container\">\n\t\t\t\t\t<h2 class=\"elementor-heading-title elementor-size-default\">RESERVACIONES<\/h2>\t\t\t\t<\/div>\n\t\t\t\t<\/div>\n\t\t\t\t<\/div>\n\t\t<div class=\"elementor-element elementor-element-673b233a e-flex e-con-boxed e-con e-parent\" data-id=\"673b233a\" data-element_type=\"container\" data-settings=\"{&quot;background_background&quot;:&quot;classic&quot;}\">\n\t\t\t\t\t<div class=\"e-con-inner\">\n\t\t\t\t<div class=\"elementor-element elementor-element-540d12c0 elementor-widget elementor-widget-heading\" data-id=\"540d12c0\" data-element_type=\"widget\" data-widget_type=\"heading.default\">\n\t\t\t\t<div class=\"elementor-widget-container\">\n\t\t\t\t\t<h2 class=\"elementor-heading-title elementor-size-default\">RESERVACIONES<\/h2>\t\t\t\t<\/div>\n\t\t\t\t<\/div>\n\t\t\t\t<div class=\"elementor-element elementor-element-59192a5e elementor-widget-divider--view-line elementor-widget elementor-widget-divider\" data-id=\"59192a5e\" data-element_type=\"widget\" data-widget_type=\"divider.default\">\n\t\t\t\t<div class=\"elementor-widget-container\">\n\t\t\t\t\t\t\t<div class=\"elementor-divider\">\n\t\t\t<span class=\"elementor-divider-separator\">\n\t\t\t\t\t\t<\/span>\n\t\t<\/div>\n\t\t\t\t\t\t<\/div>\n\t\t\t\t<\/div>\n\t\t\t\t<div class=\"elementor-element elementor-element-118987f1 elementor-widget elementor-widget-text-editor\" data-id=\"118987f1\" data-element_type=\"widget\" data-widget_type=\"text-editor.default\">\n\t\t\t\t<div class=\"elementor-widget-container\">\n\t\t\t\t\t\t\t\t\t<p>Realiza tus reservaciones v\u00eda telef\u00f3nica o por Whatsapp.<\/p>\t\t\t\t\t\t\t\t<\/div>\n\t\t\t\t<\/div>\n\t\t\t\t<div class=\"elementor-element elementor-element-14c9751 elementor-widget elementor-widget-text-editor\" data-id=\"14c9751\" data-element_type=\"widget\" data-widget_type=\"text-editor.default\">\n\t\t\t\t<div class=\"elementor-widget-container\">\n\t\t\t\t\t\t\t\t\t<p>Haz click en el \u00edcono de tel\u00e9fono para llamada directa<\/p><p>o click en el \u00edcono de Whatsapp para mensajes.<\/p>\t\t\t\t\t\t\t\t<\/div>\n\t\t\t\t<\/div>\n\t\t<div class=\"elementor-element elementor-element-f7c603d e-con-full e-grid e-con e-child\" data-id=\"f7c603d\" data-element_type=\"container\">\n\t\t\t\t<div class=\"elementor-element elementor-element-90a1f97 elementor-view-framed elementor-shape-circle elementor-position-top elementor-mobile-position-top elementor-widget elementor-widget-icon-box\" data-id=\"90a1f97\" data-element_type=\"widget\" data-widget_type=\"icon-box.default\">\n\t\t\t\t<div class=\"elementor-widget-container\">\n\t\t\t\t\t\t\t<div class=\"elementor-icon-box-wrapper\">\n\n\t\t\t\t\t\t<div class=\"elementor-icon-box-icon\">\n\t\t\t\t<a href=\"https:\/\/api.whatsapp.com\/send?phone=525513197916\" class=\"elementor-icon\" tabindex=\"-1\" aria-label=\"WhatsApp\">\n\t\t\t\t<svg aria-hidden=\"true\" class=\"e-font-icon-svg e-fab-whatsapp-square\" viewBox=\"0 0 448 512\" xmlns=\"http:\/\/www.w3.org\/2000\/svg\"><path d=\"M224 122.8c-72.7 0-131.8 59.1-131.9 131.8 0 24.9 7 49.2 20.2 70.1l3.1 5-13.3 48.6 49.9-13.1 4.8 2.9c20.2 12 43.4 18.4 67.1 18.4h.1c72.6 0 133.3-59.1 133.3-131.8 0-35.2-15.2-68.3-40.1-93.2-25-25-58-38.7-93.2-38.7zm77.5 188.4c-3.3 9.3-19.1 17.7-26.7 18.8-12.6 1.9-22.4.9-47.5-9.9-39.7-17.2-65.7-57.2-67.7-59.8-2-2.6-16.2-21.5-16.2-41s10.2-29.1 13.9-33.1c3.6-4 7.9-5 10.6-5 2.6 0 5.3 0 7.6.1 2.4.1 5.7-.9 8.9 6.8 3.3 7.9 11.2 27.4 12.2 29.4s1.7 4.3.3 6.9c-7.6 15.2-15.7 14.6-11.6 21.6 15.3 26.3 30.6 35.4 53.9 47.1 4 2 6.3 1.7 8.6-1 2.3-2.6 9.9-11.6 12.5-15.5 2.6-4 5.3-3.3 8.9-2 3.6 1.3 23.1 10.9 27.1 12.9s6.6 3 7.6 4.6c.9 1.9.9 9.9-2.4 19.1zM400 32H48C21.5 32 0 53.5 0 80v352c0 26.5 21.5 48 48 48h352c26.5 0 48-21.5 48-48V80c0-26.5-21.5-48-48-48zM223.9 413.2c-26.6 0-52.7-6.7-75.8-19.3L64 416l22.5-82.2c-13.9-24-21.2-51.3-21.2-79.3C65.4 167.1 136.5 96 223.9 96c42.4 0 82.2 16.5 112.2 46.5 29.9 30 47.9 69.8 47.9 112.2 0 87.4-72.7 158.5-160.1 158.5z\"><\/path><\/svg>\t\t\t\t<\/a>\n\t\t\t<\/div>\n\t\t\t\n\t\t\t\t\t\t<div class=\"elementor-icon-box-content\">\n\n\t\t\t\t\t\t\t\t\t<h3 class=\"elementor-icon-box-title\">\n\t\t\t\t\t\t<a href=\"https:\/\/api.whatsapp.com\/send?phone=525513197916\" >\n\t\t\t\t\t\t\tWhatsApp\t\t\t\t\t\t<\/a>\n\t\t\t\t\t<\/h3>\n\t\t\t\t\n\t\t\t\t\n\t\t\t<\/div>\n\t\t\t\n\t\t<\/div>\n\t\t\t\t\t\t<\/div>\n\t\t\t\t<\/div>\n\t\t\t\t<div class=\"elementor-element elementor-element-3fc7d1c elementor-view-framed elementor-shape-circle elementor-position-top elementor-mobile-position-top elementor-widget elementor-widget-icon-box\" data-id=\"3fc7d1c\" data-element_type=\"widget\" data-widget_type=\"icon-box.default\">\n\t\t\t\t<div class=\"elementor-widget-container\">\n\t\t\t\t\t\t\t<div class=\"elementor-icon-box-wrapper\">\n\n\t\t\t\t\t\t<div class=\"elementor-icon-box-icon\">\n\t\t\t\t<a href=\"tel:5513197916\" class=\"elementor-icon\" tabindex=\"-1\" aria-label=\"Tel\u00e9fono\">\n\t\t\t\t<svg aria-hidden=\"true\" class=\"e-font-icon-svg e-fas-phone\" viewBox=\"0 0 512 512\" xmlns=\"http:\/\/www.w3.org\/2000\/svg\"><path d=\"M493.4 24.6l-104-24c-11.3-2.6-22.9 3.3-27.5 13.9l-48 112c-4.2 9.8-1.4 21.3 6.9 28l60.6 49.6c-36 76.7-98.9 140.5-177.2 177.2l-49.6-60.6c-6.8-8.3-18.2-11.1-28-6.9l-112 48C3.9 366.5-2 378.1.6 389.4l24 104C27.1 504.2 36.7 512 48 512c256.1 0 464-207.5 464-464 0-11.2-7.7-20.9-18.6-23.4z\"><\/path><\/svg>\t\t\t\t<\/a>\n\t\t\t<\/div>\n\t\t\t\n\t\t\t\t\t\t<div class=\"elementor-icon-box-content\">\n\n\t\t\t\t\t\t\t\t\t<h3 class=\"elementor-icon-box-title\">\n\t\t\t\t\t\t<a href=\"tel:5513197916\" >\n\t\t\t\t\t\t\tTel\u00e9fono\t\t\t\t\t\t<\/a>\n\t\t\t\t\t<\/h3>\n\t\t\t\t\n\t\t\t\t\n\t\t\t<\/div>\n\t\t\t\n\t\t<\/div>\n\t\t\t\t\t\t<\/div>\n\t\t\t\t<\/div>\n\t\t\t\t<\/div>\n\t\t\t\t\t<\/div>\n\t\t\t\t<\/div>\n\t\t<div class=\"elementor-element elementor-element-ef23f7a e-flex e-con-boxed e-con e-parent\" data-id=\"ef23f7a\" data-element_type=\"container\" data-settings=\"{&quot;background_background&quot;:&quot;classic&quot;}\">\n\t\t\t\t\t<div class=\"e-con-inner\">\n\t\t\t\t<div class=\"elementor-element elementor-element-9928fdd elementor-widget elementor-widget-heading\" data-id=\"9928fdd\" data-element_type=\"widget\" data-widget_type=\"heading.default\">\n\t\t\t\t<div class=\"elementor-widget-container\">\n\t\t\t\t\t<h2 class=\"elementor-heading-title elementor-size-default\">COMO LLEGAR<\/h2>\t\t\t\t<\/div>\n\t\t\t\t<\/div>\n\t\t\t\t<div class=\"elementor-element elementor-element-0f8d26f elementor-widget-divider--view-line elementor-widget elementor-widget-divider\" data-id=\"0f8d26f\" data-element_type=\"widget\" data-widget_type=\"divider.default\">\n\t\t\t\t<div class=\"elementor-widget-container\">\n\t\t\t\t\t\t\t<div class=\"elementor-divider\">\n\t\t\t<span class=\"elementor-divider-separator\">\n\t\t\t\t\t\t<\/span>\n\t\t<\/div>\n\t\t\t\t\t\t<\/div>\n\t\t\t\t<\/div>\n\t\t\t\t<div class=\"elementor-element elementor-element-fc5904d elementor-widget elementor-widget-text-editor\" data-id=\"fc5904d\" data-element_type=\"widget\" data-widget_type=\"text-editor.default\">\n\t\t\t\t<div class=\"elementor-widget-container\">\n\t\t\t\t\t\t\t\t\t<p>Tel: <strong>55 13 19 79 16<\/strong><\/p>\t\t\t\t\t\t\t\t<\/div>\n\t\t\t\t<\/div>\n\t\t\t\t<div class=\"elementor-element elementor-element-b84b449 elementor-widget elementor-widget-text-editor\" data-id=\"b84b449\" data-element_type=\"widget\" data-widget_type=\"text-editor.default\">\n\t\t\t\t<div class=\"elementor-widget-container\">\n\t\t\t\t\t\t\t\t\t<p>Frontera 132, Roma Nte., Cuauht\u00e9moc, 06700 Ciudad de M\u00e9xico, CDMX<\/p>\t\t\t\t\t\t\t\t<\/div>\n\t\t\t\t<\/div>\n\t\t\t\t<div class=\"elementor-element elementor-element-85b5703 elementor-widget elementor-widget-google_maps\" data-id=\"85b5703\" data-element_type=\"widget\" data-widget_type=\"google_maps.default\">\n\t\t\t\t<div class=\"elementor-widget-container\">\n\t\t\t\t\t\t\t<div class=\"elementor-custom-embed\">\n\t\t\t<iframe loading=\"lazy\"\n\t\t\t\t\tsrc=\"https:\/\/maps.google.com\/maps?q=zamma%20spa%20roma&#038;t=m&#038;z=10&#038;output=embed&#038;iwloc=near\"\n\t\t\t\t\ttitle=\"zamma spa roma\"\n\t\t\t\t\taria-label=\"zamma spa roma\"\n\t\t\t><\/iframe>\n\t\t<\/div>\n\t\t\t\t\t\t<\/div>\n\t\t\t\t<\/div>\n\t\t\t\t\t<\/div>\n\t\t\t\t<\/div>\n\t\t\t\t<\/div>\n\t\t","protected":false},"excerpt":{"rendered":"<p>RESERVACIONES RESERVACIONES Realiza tus reservaciones v\u00eda telef\u00f3nica o por Whatsapp. Haz click en el \u00edcono de tel\u00e9fono para llamada directa [&hellip;]<\/p>\n","protected":false},"author":1,"featured_media":5787,"parent":0,"menu_order":0,"comment_status":"closed","ping_status":"closed","template":"","meta":{"site-sidebar-layout":"no-sidebar","site-content-layout":"","ast-site-content-layout":"full-width-container","site-content-style":"default","site-sidebar-style":"default","ast-global-header-display":"","ast-banner-title-visibility":"","ast-main-header-display":"","ast-hfb-above-header-display":"","ast-hfb-below-header-display":"","ast-hfb-mobile-header-display":"","site-post-title":"disabled","ast-breadcrumbs-content":"","ast-featured-img":"disabled","footer-sml-layout":"","theme-transparent-header-meta":"","adv-header-id-meta":"","stick-header-meta":"","header-above-stick-meta":"","header-main-stick-meta":"","header-below-stick-meta":"","astra-migrate-meta-layouts":"default","ast-page-background-enabled":"default","ast-page-background-meta":{"desktop":{"background-color":"var(--ast-global-color-4)","background-image":"","background-repeat":"repeat","background-position":"center center","background-size":"auto","background-attachment":"scroll","background-type":"","background-media":"","overlay-type":"","overlay-color":"","overlay-opacity":"","overlay-gradient":""},"tablet":{"background-color":"","background-image":"","background-repeat":"repeat","background-position":"center center","background-size":"auto","background-attachment":"scroll","background-type":"","background-media":"","overlay-type":"","overlay-color":"","overlay-opacity":"","overlay-gradient":""},"mobile":{"background-color":"","background-image":"","background-repeat":"repeat","background-position":"center center","background-size":"auto","background-attachment":"scroll","background-type":"","background-media":"","overlay-type":"","overlay-color":"","overlay-opacity":"","overlay-gradient":""}},"ast-content-background-meta":{"desktop":{"background-color":"var(--ast-global-color-5)","background-image":"","background-repeat":"repeat","background-position":"center center","background-size":"auto","background-attachment":"scroll","background-type":"","background-media":"","overlay-type":"","overlay-color":"","overlay-opacity":"","overlay-gradient":""},"tablet":{"background-color":"var(--ast-global-color-5)","background-image":"","background-repeat":"repeat","background-position":"center center","background-size":"auto","background-attachment":"scroll","background-type":"","background-media":"","overlay-type":"","overlay-color":"","overlay-opacity":"","overlay-gradient":""},"mobile":{"background-color":"var(--ast-global-color-5)","background-image":"","background-repeat":"repeat","background-position":"center center","background-size":"auto","background-attachment":"scroll","background-type":"","background-media":"","overlay-type":"","overlay-color":"","overlay-opacity":"","overlay-gradient":""}},"_themeisle_gutenberg_block_has_review":false,"footnotes":""},"class_list":["post-5431","page","type-page","status-publish","has-post-thumbnail","hentry"],"yoast_head":"<!-- This site is optimized with the Yoast SEO plugin v25.2 - https:\/\/yoast.com\/wordpress\/plugins\/seo\/ -->\n<title>Zamma Spa Colonia Roma<\/title>\n<meta name=\"description\" content=\"Zamma Spa Colonia Roma contamos con temazcal, jacuzzi, regaderas, masajes\" \/>\n<meta name=\"robots\" content=\"index, follow, max-snippet:-1, max-image-preview:large, max-video-preview:-1\" \/>\n<link rel=\"canonical\" href=\"https:\/\/zamma.com.mx\/roma\/reservaciones\/\" \/>\n<meta property=\"og:locale\" content=\"es_ES\" \/>\n<meta property=\"og:type\" content=\"article\" \/>\n<meta property=\"og:title\" content=\"Zamma Spa Colonia Roma\" \/>\n<meta property=\"og:description\" content=\"Zamma Spa Colonia Roma contamos con temazcal, jacuzzi, regaderas, masajes\" \/>\n<meta property=\"og:url\" content=\"https:\/\/zamma.com.mx\/roma\/reservaciones\/\" \/>\n<meta property=\"og:site_name\" content=\"Zamma Spa Colonia Roma\" \/>\n<meta property=\"article:modified_time\" content=\"2025-09-14T21:14:32+00:00\" \/>\n<meta property=\"og:image\" content=\"https:\/\/zamma.com.mx\/roma\/wp-content\/uploads\/2025\/09\/mujer-en-centro-de-spa-scaled.jpg\" \/>\n\t<meta property=\"og:image:width\" content=\"2560\" \/>\n\t<meta property=\"og:image:height\" content=\"1707\" \/>\n\t<meta property=\"og:image:type\" content=\"image\/jpeg\" \/>\n<meta name=\"twitter:card\" content=\"summary_large_image\" \/>\n<meta name=\"twitter:label1\" content=\"Tiempo de lectura\" \/>\n\t<meta name=\"twitter:data1\" content=\"1 minuto\" \/>\n<script type=\"application\/ld+json\" class=\"yoast-schema-graph\">{\"@context\":\"https:\/\/schema.org\",\"@graph\":[{\"@type\":\"WebPage\",\"@id\":\"https:\/\/zamma.com.mx\/roma\/reservaciones\/\",\"url\":\"https:\/\/zamma.com.mx\/roma\/reservaciones\/\",\"name\":\"Zamma Spa Colonia Roma\",\"isPartOf\":{\"@id\":\"https:\/\/zamma.com.mx\/roma\/#website\"},\"primaryImageOfPage\":{\"@id\":\"https:\/\/zamma.com.mx\/roma\/reservaciones\/#primaryimage\"},\"image\":{\"@id\":\"https:\/\/zamma.com.mx\/roma\/reservaciones\/#primaryimage\"},\"thumbnailUrl\":\"https:\/\/zamma.com.mx\/roma\/wp-content\/uploads\/2025\/09\/mujer-en-centro-de-spa-scaled.jpg\",\"datePublished\":\"2025-09-08T10:46:51+00:00\",\"dateModified\":\"2025-09-14T21:14:32+00:00\",\"description\":\"Zamma Spa Colonia Roma contamos con temazcal, jacuzzi, regaderas, masajes\",\"breadcrumb\":{\"@id\":\"https:\/\/zamma.com.mx\/roma\/reservaciones\/#breadcrumb\"},\"inLanguage\":\"es\",\"potentialAction\":[{\"@type\":\"ReadAction\",\"target\":[\"https:\/\/zamma.com.mx\/roma\/reservaciones\/\"]}]},{\"@type\":\"ImageObject\",\"inLanguage\":\"es\",\"@id\":\"https:\/\/zamma.com.mx\/roma\/reservaciones\/#primaryimage\",\"url\":\"https:\/\/zamma.com.mx\/roma\/wp-content\/uploads\/2025\/09\/mujer-en-centro-de-spa-scaled.jpg\",\"contentUrl\":\"https:\/\/zamma.com.mx\/roma\/wp-content\/uploads\/2025\/09\/mujer-en-centro-de-spa-scaled.jpg\",\"width\":2560,\"height\":1707},{\"@type\":\"BreadcrumbList\",\"@id\":\"https:\/\/zamma.com.mx\/roma\/reservaciones\/#breadcrumb\",\"itemListElement\":[{\"@type\":\"ListItem\",\"position\":1,\"name\":\"Portada\",\"item\":\"https:\/\/zamma.com.mx\/roma\/\"},{\"@type\":\"ListItem\",\"position\":2,\"name\":\"Reservaciones\"}]},{\"@type\":\"WebSite\",\"@id\":\"https:\/\/zamma.com.mx\/roma\/#website\",\"url\":\"https:\/\/zamma.com.mx\/roma\/\",\"name\":\"Zamma Spa Roma\",\"description\":\"\",\"publisher\":{\"@id\":\"https:\/\/zamma.com.mx\/roma\/#\/schema\/person\/0e1aafac44e1816b184587fd13cf5a44\"},\"alternateName\":\"zamma spa\",\"potentialAction\":[{\"@type\":\"SearchAction\",\"target\":{\"@type\":\"EntryPoint\",\"urlTemplate\":\"https:\/\/zamma.com.mx\/roma\/?s={search_term_string}\"},\"query-input\":{\"@type\":\"PropertyValueSpecification\",\"valueRequired\":true,\"valueName\":\"search_term_string\"}}],\"inLanguage\":\"es\"},{\"@type\":[\"Person\",\"Organization\"],\"@id\":\"https:\/\/zamma.com.mx\/roma\/#\/schema\/person\/0e1aafac44e1816b184587fd13cf5a44\",\"name\":\"dj.jide\",\"image\":{\"@type\":\"ImageObject\",\"inLanguage\":\"es\",\"@id\":\"https:\/\/zamma.com.mx\/roma\/#\/schema\/person\/image\/\",\"url\":\"https:\/\/zamma.com.mx\/roma\/wp-content\/uploads\/2025\/06\/cropped-logo1.png.webp\",\"contentUrl\":\"https:\/\/zamma.com.mx\/roma\/wp-content\/uploads\/2025\/06\/cropped-logo1.png.webp\",\"width\":744,\"height\":469,\"caption\":\"dj.jide\"},\"logo\":{\"@id\":\"https:\/\/zamma.com.mx\/roma\/#\/schema\/person\/image\/\"},\"sameAs\":[\"https:\/\/zamma.com.mx\/roma\"]}]}<\/script>\n<!-- \/ Yoast SEO plugin. -->","yoast_head_json":{"title":"Zamma Spa Colonia Roma","description":"Zamma Spa Colonia Roma contamos con temazcal, jacuzzi, regaderas, masajes","robots":{"index":"index","follow":"follow","max-snippet":"max-snippet:-1","max-image-preview":"max-image-preview:large","max-video-preview":"max-video-preview:-1"},"canonical":"https:\/\/zamma.com.mx\/roma\/reservaciones\/","og_locale":"es_ES","og_type":"article","og_title":"Zamma Spa Colonia Roma","og_description":"Zamma Spa Colonia Roma contamos con temazcal, jacuzzi, regaderas, masajes","og_url":"https:\/\/zamma.com.mx\/roma\/reservaciones\/","og_site_name":"Zamma Spa Colonia Roma","article_modified_time":"2025-09-14T21:14:32+00:00","og_image":[{"width":2560,"height":1707,"url":"https:\/\/zamma.com.mx\/roma\/wp-content\/uploads\/2025\/09\/mujer-en-centro-de-spa-scaled.jpg","type":"image\/jpeg"}],"twitter_card":"summary_large_image","twitter_misc":{"Tiempo de lectura":"1 minuto"},"schema":{"@context":"https:\/\/schema.org","@graph":[{"@type":"WebPage","@id":"https:\/\/zamma.com.mx\/roma\/reservaciones\/","url":"https:\/\/zamma.com.mx\/roma\/reservaciones\/","name":"Zamma Spa Colonia Roma","isPartOf":{"@id":"https:\/\/zamma.com.mx\/roma\/#website"},"primaryImageOfPage":{"@id":"https:\/\/zamma.com.mx\/roma\/reservaciones\/#primaryimage"},"image":{"@id":"https:\/\/zamma.com.mx\/roma\/reservaciones\/#primaryimage"},"thumbnailUrl":"https:\/\/zamma.com.mx\/roma\/wp-content\/uploads\/2025\/09\/mujer-en-centro-de-spa-scaled.jpg","datePublished":"2025-09-08T10:46:51+00:00","dateModified":"2025-09-14T21:14:32+00:00","description":"Zamma Spa Colonia Roma contamos con temazcal, jacuzzi, regaderas, masajes","breadcrumb":{"@id":"https:\/\/zamma.com.mx\/roma\/reservaciones\/#breadcrumb"},"inLanguage":"es","potentialAction":[{"@type":"ReadAction","target":["https:\/\/zamma.com.mx\/roma\/reservaciones\/"]}]},{"@type":"ImageObject","inLanguage":"es","@id":"https:\/\/zamma.com.mx\/roma\/reservaciones\/#primaryimage","url":"https:\/\/zamma.com.mx\/roma\/wp-content\/uploads\/2025\/09\/mujer-en-centro-de-spa-scaled.jpg","contentUrl":"https:\/\/zamma.com.mx\/roma\/wp-content\/uploads\/2025\/09\/mujer-en-centro-de-spa-scaled.jpg","width":2560,"height":1707},{"@type":"BreadcrumbList","@id":"https:\/\/zamma.com.mx\/roma\/reservaciones\/#breadcrumb","itemListElement":[{"@type":"ListItem","position":1,"name":"Portada","item":"https:\/\/zamma.com.mx\/roma\/"},{"@type":"ListItem","position":2,"name":"Reservaciones"}]},{"@type":"WebSite","@id":"https:\/\/zamma.com.mx\/roma\/#website","url":"https:\/\/zamma.com.mx\/roma\/","name":"Zamma Spa Roma","description":"","publisher":{"@id":"https:\/\/zamma.com.mx\/roma\/#\/schema\/person\/0e1aafac44e1816b184587fd13cf5a44"},"alternateName":"zamma spa","potentialAction":[{"@type":"SearchAction","target":{"@type":"EntryPoint","urlTemplate":"https:\/\/zamma.com.mx\/roma\/?s={search_term_string}"},"query-input":{"@type":"PropertyValueSpecification","valueRequired":true,"valueName":"search_term_string"}}],"inLanguage":"es"},{"@type":["Person","Organization"],"@id":"https:\/\/zamma.com.mx\/roma\/#\/schema\/person\/0e1aafac44e1816b184587fd13cf5a44","name":"dj.jide","image":{"@type":"ImageObject","inLanguage":"es","@id":"https:\/\/zamma.com.mx\/roma\/#\/schema\/person\/image\/","url":"https:\/\/zamma.com.mx\/roma\/wp-content\/uploads\/2025\/06\/cropped-logo1.png.webp","contentUrl":"https:\/\/zamma.com.mx\/roma\/wp-content\/uploads\/2025\/06\/cropped-logo1.png.webp","width":744,"height":469,"caption":"dj.jide"},"logo":{"@id":"https:\/\/zamma.com.mx\/roma\/#\/schema\/person\/image\/"},"sameAs":["https:\/\/zamma.com.mx\/roma"]}]}},"_links":{"self":[{"href":"https:\/\/zamma.com.mx\/roma\/wp-json\/wp\/v2\/pages\/5431","targetHints":{"allow":["GET"]}}],"collection":[{"href":"https:\/\/zamma.com.mx\/roma\/wp-json\/wp\/v2\/pages"}],"about":[{"href":"https:\/\/zamma.com.mx\/roma\/wp-json\/wp\/v2\/types\/page"}],"author":[{"embeddable":true,"href":"https:\/\/zamma.com.mx\/roma\/wp-json\/wp\/v2\/users\/1"}],"replies":[{"embeddable":true,"href":"https:\/\/zamma.com.mx\/roma\/wp-json\/wp\/v2\/comments?post=5431"}],"version-history":[{"count":28,"href":"https:\/\/zamma.com.mx\/roma\/wp-json\/wp\/v2\/pages\/5431\/revisions"}],"predecessor-version":[{"id":5790,"href":"https:\/\/zamma.com.mx\/roma\/wp-json\/wp\/v2\/pages\/5431\/revisions\/5790"}],"wp:featuredmedia":[{"embeddable":true,"href":"https:\/\/zamma.com.mx\/roma\/wp-json\/wp\/v2\/media\/5787"}],"wp:attachment":[{"href":"https:\/\/zamma.com.mx\/roma\/wp-json\/wp\/v2\/media?parent=5431"}],"curies":[{"name":"wp","href":"https:\/\/api.w.org\/{rel}","templated":true}]}}